{"id":3858,"date":"2024-10-31T23:23:28","date_gmt":"2024-10-31T20:23:28","guid":{"rendered":"https:\/\/www.artminium.com\/?page_id=3858"},"modified":"2024-10-31T23:23:31","modified_gmt":"2024-10-31T20:23:31","slug":"gizlilik-politikasi","status":"publish","type":"page","link":"https:\/\/www.artminium.com\/tr\/gizlilik-politikasi\/","title":{"rendered":"Gizlilik Politikas\u0131"},"content":{"rendered":"\n<p>Gizlilik Politikas\u0131<br>Son G\u00fcncelleme 31-Ekim-2024<br>Y\u00fcr\u00fcrl\u00fck Tarihi 31-Ekim-2024<\/p>\n\n\n\n<p>Bu Gizlilik Politikas\u0131, Artminium K\u0131\u015f Bah\u00e7esi Sistemleri, Marmara Sanayi Sitesi No: 14 F Blok K\u00fc\u00e7\u00fck\u00e7ekmece, \u0130STANBUL 34505, T\u00fcrkiye, e-posta: info@artminium.com, telefon: +9053338118895&#8217;in web sitemizi (https:\/\/artminium.com) kulland\u0131\u011f\u0131n\u0131zda toplad\u0131\u011f\u0131m\u0131z bilgilerinizin toplanmas\u0131, kullan\u0131lmas\u0131 ve if\u015fa edilmesine ili\u015fkin politikalar\u0131n\u0131 a\u00e7\u0131klar. (&#8220;Hizmet&#8221;). Hizmete eri\u015ferek veya Hizmeti kullanarak, bilgilerinizin bu Gizlilik Politikas\u0131 uyar\u0131nca toplanmas\u0131na, kullan\u0131lmas\u0131na ve if\u015fa edilmesine onay vermi\u015f olursunuz. Buna onay vermiyorsan\u0131z, l\u00fctfen Hizmete eri\u015fmeyin veya Hizmeti kullanmay\u0131n.<br>Bu Gizlilik Politikas\u0131n\u0131 size \u00f6nceden herhangi bir bildirimde bulunmadan herhangi bir zamanda de\u011fi\u015ftirebiliriz ve revize edilmi\u015f Gizlilik Politikas\u0131n\u0131 Hizmette yay\u0131nlayaca\u011f\u0131z. G\u00f6zden ge\u00e7irilmi\u015f Politika, g\u00f6zden ge\u00e7irilmi\u015f Politikan\u0131n Hizmette yay\u0131nland\u0131\u011f\u0131 tarihten itibaren 180 g\u00fcn sonra y\u00fcr\u00fcrl\u00fc\u011fe girecek ve bu tarihten sonra Hizmete eri\u015fiminiz veya kullan\u0131m\u0131n\u0131z, g\u00f6zden ge\u00e7irilmi\u015f Gizlilik Politikas\u0131n\u0131 kabul etti\u011finiz anlam\u0131na gelecektir. Bu nedenle bu sayfay\u0131 d\u00fczenli olarak incelemenizi \u00f6neririz.<\/p>\n\n\n\n<p>Bilgilerinizi Nas\u0131l Kullan\u0131yoruz:<br>Hakk\u0131n\u0131zda toplad\u0131\u011f\u0131m\u0131z bilgileri a\u015fa\u011f\u0131daki ama\u00e7lar i\u00e7in kullanaca\u011f\u0131z:<\/p>\n\n\n\n<p>Pazarlama\/Tan\u0131t\u0131m<br>G\u00f6r\u00fc\u015fler<br>Destek<br>Bilgilerinizi ba\u015fka bir ama\u00e7la kullanmak istersek, sizden onay isteyece\u011fiz ve bilgilerinizi yaln\u0131zca onay\u0131n\u0131z\u0131 ald\u0131ktan sonra ve ard\u0131ndan yaln\u0131zca onay verdi\u011finiz ama\u00e7(lar) i\u00e7in kullanaca\u011f\u0131z, aksi takdirde yasa taraf\u0131ndan aksi \u015fekilde yapmam\u0131z gerekmedi\u011fi s\u00fcrece.<\/p>\n\n\n\n<p>Haklar\u0131n\u0131z:<br>Uygulanan yasaya ba\u011fl\u0131 olarak, ki\u015fisel verilerinize eri\u015fme ve bunlar\u0131 d\u00fczeltme veya silme veya ki\u015fisel verilerinizin bir kopyas\u0131n\u0131 alma, verilerinizin aktif olarak i\u015flenmesini k\u0131s\u0131tlama veya itiraz etme, ki\u015fisel bilgilerinizi ba\u015fka bir kurulu\u015fla payla\u015fmam\u0131z\u0131 (ta\u015f\u0131mam\u0131z\u0131) isteme, verilerinizi i\u015flememiz i\u00e7in bize verdi\u011finiz herhangi bir onay\u0131 geri \u00e7ekme, yasal bir makama \u015fikayette bulunma hakk\u0131 ve ge\u00e7erli yasalar kapsam\u0131nda ilgili olabilecek di\u011fer haklara sahip olabilirsiniz. Bu haklar\u0131 kullanmak i\u00e7in info@artminium.com adresine yazabilirsiniz. Talebinize y\u00fcr\u00fcrl\u00fckteki yasalara uygun \u015fekilde yan\u0131t verece\u011fiz.<br>L\u00fctfen, gerekli ki\u015fisel bilgileri toplamam\u0131za veya i\u015flememize izin vermezseniz veya bunlar\u0131 gerekli ama\u00e7lar i\u00e7in i\u015fleme izninizi geri \u00e7ekerseniz, bilgilerinizin talep edildi\u011fi hizmetlere eri\u015femeyebilece\u011finizi veya bunlar\u0131 kullanamayabilece\u011finizi unutmay\u0131n.<\/p>\n\n\n\n<p>\u00c7erezler Vb.<br>Bunlar\u0131 nas\u0131l kulland\u0131\u011f\u0131m\u0131z ve bu izleme teknolojileriyle ilgili tercihleriniz hakk\u0131nda daha fazla bilgi edinmek i\u00e7in l\u00fctfen \u00c7erez Politikam\u0131za bak\u0131n.<\/p>\n\n\n\n<p>G\u00fcvenlik:<br>Bilgilerinizin g\u00fcvenli\u011fi bizim i\u00e7in \u00f6nemlidir ve kontrol\u00fcm\u00fcz alt\u0131ndaki bilgilerinizin kaybolmas\u0131n\u0131, k\u00f6t\u00fcye kullan\u0131lmas\u0131n\u0131 veya yetkisiz de\u011fi\u015ftirilmesini \u00f6nlemek i\u00e7in makul g\u00fcvenlik \u00f6nlemleri kullanaca\u011f\u0131z. Ancak, i\u00e7sel riskler g\u00f6z \u00f6n\u00fcne al\u0131nd\u0131\u011f\u0131nda, mutlak g\u00fcvenli\u011fi garanti edemeyiz ve dolay\u0131s\u0131yla bize iletti\u011finiz hi\u00e7bir bilginin g\u00fcvenli\u011fini sa\u011flayamaz veya garanti edemeyiz ve bunu kendi riskiniz alt\u0131nda yapars\u0131n\u0131z.<\/p>\n\n\n\n<p>\u00dc\u00e7\u00fcnc\u00fc Taraf Ba\u011flant\u0131lar\u0131 ve Bilgilerinizin Kullan\u0131m\u0131:<br>Hizmetimiz, taraf\u0131m\u0131zca i\u015fletilmeyen di\u011fer web sitelerine ba\u011flant\u0131lar i\u00e7erebilir. Bu Gizlilik Politikas\u0131, Hizmet \u00fczerindeki bir ba\u011flant\u0131 arac\u0131l\u0131\u011f\u0131yla eri\u015filebilen herhangi bir web sitesi veya hizmeti i\u015fleten herhangi bir \u00fc\u00e7\u00fcnc\u00fc taraf dahil olmak \u00fczere herhangi bir \u00fc\u00e7\u00fcnc\u00fc taraf\u0131n gizlilik politikas\u0131n\u0131 ve di\u011fer uygulamalar\u0131n\u0131 ele almaz. Ziyaret etti\u011finiz her sitenin gizlilik politikas\u0131n\u0131 incelemenizi \u015fiddetle tavsiye ederiz. Herhangi bir \u00fc\u00e7\u00fcnc\u00fc taraf sitenin veya hizmetinin i\u00e7eri\u011fi, gizlilik politikalar\u0131 veya uygulamalar\u0131 \u00fczerinde hi\u00e7bir kontrol\u00fcm\u00fcz yoktur ve hi\u00e7bir sorumluluk kabul etmiyoruz.<\/p>\n\n\n\n<p>\u015eikayet \/ Veri Koruma G\u00f6revlisi:<br>Bizimle birlikte mevcut olan bilgilerinizin i\u015flenmesiyle ilgili herhangi bir sorunuz veya endi\u015feniz varsa, Artminium K\u0131\u015f Bah\u00e7esi Sistemleri, Marmara Sanayi Sitesi No: 14 F Blok K\u00fc\u00e7\u00fck\u00e7ekmece adresindeki \u015eikayet G\u00f6revlimize e-posta g\u00f6nderebilirsiniz, e-posta: info@artminium.com. Endi\u015felerinizi y\u00fcr\u00fcrl\u00fckteki yasalara uygun \u015fekilde ele alaca\u011f\u0131z.<\/p>\n\n\n\n<p><\/p>\n","protected":false},"excerpt":{"rendered":"<p>Gizlilik Politikas\u0131Son G\u00fcncelleme 31-Ekim-2024Y\u00fcr\u00fcrl\u00fck Tarihi 31-Ekim-2024 Bu Gizlilik Politikas\u0131, Artminium K\u0131\u015f Bah\u00e7esi Sistemleri, Marmara Sanayi Sitesi No: 14 F Blok K\u00fc\u00e7\u00fck\u00e7ekmece, \u0130STANBUL 34505, T\u00fcrkiye, e-posta: info@artminium.com, telefon: +9053338118895&#8217;in web sitemizi (https:\/\/artminium.com) kulland\u0131\u011f\u0131n\u0131zda toplad\u0131\u011f\u0131m\u0131z bilgilerinizin toplanmas\u0131, kullan\u0131lmas\u0131 ve if\u015fa edilmesine ili\u015fkin politikalar\u0131n\u0131 a\u00e7\u0131klar. (&#8220;Hizmet&#8221;). Hizmete eri\u015ferek veya Hizmeti kullanarak, bilgilerinizin bu Gizlilik Politikas\u0131 uyar\u0131nca toplanmas\u0131na, kullan\u0131lmas\u0131na [&hellip;]<\/p>\n","protected":false},"author":1,"featured_media":0,"parent":0,"menu_order":0,"comment_status":"closed","ping_status":"closed","template":"","meta":{"site-sidebar-layout":"default","site-content-layout":"","ast-site-content-layout":"default","site-content-style":"default","site-sidebar-style":"default","ast-global-header-display":"","ast-banner-title-visibility":"","ast-main-header-display":"","ast-hfb-above-header-display":"","ast-hfb-below-header-display":"","ast-hfb-mobile-header-display":"","site-post-title":"","ast-breadcrumbs-content":"","ast-featured-img":"","footer-sml-layout":"","theme-transparent-header-meta":"","adv-header-id-meta":"","stick-header-meta":"","header-above-stick-meta":"","header-main-stick-meta":"","header-below-stick-meta":"","astra-migrate-meta-layouts":"set","ast-page-background-enabled":"default","ast-page-background-meta":{"desktop":{"background-color":"","background-image":"","background-repeat":"repeat","background-position":"center center","background-size":"auto","background-attachment":"scroll","background-type":"","background-media":"","overlay-type":"","overlay-color":"","overlay-opacity":"","overlay-gradient":""},"tablet":{"background-color":"","background-image":"","background-repeat":"repeat","background-position":"center center","background-size":"auto","background-attachment":"scroll","background-type":"","background-media":"","overlay-type":"","overlay-color":"","overlay-opacity":"","overlay-gradient":""},"mobile":{"background-color":"","background-image":"","background-repeat":"repeat","background-position":"center center","background-size":"auto","background-attachment":"scroll","background-type":"","background-media":"","overlay-type":"","overlay-color":"","overlay-opacity":"","overlay-gradient":""}},"ast-content-background-meta":{"desktop":{"background-color":"var(--ast-global-color-5)","background-image":"","background-repeat":"repeat","background-position":"center center","background-size":"auto","background-attachment":"scroll","background-type":"","background-media":"","overlay-type":"","overlay-color":"","overlay-opacity":"","overlay-gradient":""},"tablet":{"background-color":"var(--ast-global-color-5)","background-image":"","background-repeat":"repeat","background-position":"center center","background-size":"auto","background-attachment":"scroll","background-type":"","background-media":"","overlay-type":"","overlay-color":"","overlay-opacity":"","overlay-gradient":""},"mobile":{"background-color":"var(--ast-global-color-5)","background-image":"","background-repeat":"repeat","background-position":"center center","background-size":"auto","background-attachment":"scroll","background-type":"","background-media":"","overlay-type":"","overlay-color":"","overlay-opacity":"","overlay-gradient":""}},"footnotes":""},"class_list":["post-3858","page","type-page","status-publish","hentry"],"_links":{"self":[{"href":"https:\/\/www.artminium.com\/tr\/wp-json\/wp\/v2\/pages\/3858","targetHints":{"allow":["GET"]}}],"collection":[{"href":"https:\/\/www.artminium.com\/tr\/wp-json\/wp\/v2\/pages"}],"about":[{"href":"https:\/\/www.artminium.com\/tr\/wp-json\/wp\/v2\/types\/page"}],"author":[{"embeddable":true,"href":"https:\/\/www.artminium.com\/tr\/wp-json\/wp\/v2\/users\/1"}],"replies":[{"embeddable":true,"href":"https:\/\/www.artminium.com\/tr\/wp-json\/wp\/v2\/comments?post=3858"}],"version-history":[{"count":0,"href":"https:\/\/www.artminium.com\/tr\/wp-json\/wp\/v2\/pages\/3858\/revisions"}],"wp:attachment":[{"href":"https:\/\/www.artminium.com\/tr\/wp-json\/wp\/v2\/media?parent=3858"}],"curies":[{"name":"wp","href":"https:\/\/api.w.org\/{rel}","templated":true}]}}