{"id":3,"date":"2023-08-09T16:06:06","date_gmt":"2023-08-09T16:06:06","guid":{"rendered":"http:\/\/www.artminium.com\/?page_id=3"},"modified":"2024-10-30T02:51:02","modified_gmt":"2024-10-29T23:51:02","slug":"politika-e-privatesise","status":"publish","type":"page","link":"https:\/\/www.artminium.com\/sq\/politika-e-privatesise\/","title":{"rendered":"Rreth privat\u00ebsis\u00eb:"},"content":{"rendered":"<p>Adresa e faqes son\u00eb t\u00eb internetit: <a href=\"http:\/\/www.artminium.com\/sq\/\">http:\/\/www.artminium.com<\/a>.<\/p>\n\n\n\n<p><strong>Komentet<\/strong><\/p>\n\n\n\n<p>Kur vizitor\u00ebt l\u00ebn\u00eb komente n\u00eb faqen ton\u00eb, informacioni n\u00eb formularin e komenteve, adresa IP e vizitorit dhe informacioni i shfletuesit mblidhen p\u00ebr q\u00ebllime t\u00eb zbulimit t\u00eb spamit. Nj\u00eb varg anonim i krijuar nga adresa juaj e emailit (nj\u00eb hash) mund t&#039;i ofrohet sh\u00ebrbimit Gravatar. P\u00ebr politik\u00ebn e privat\u00ebsis\u00eb s\u00eb sh\u00ebrbimit Gravatar <a href=\"https:\/\/automattic.com\/privacy\/\" target=\"_blank\" rel=\"noopener\">Ju mund t\u00eb klikoni k\u00ebtu<\/a>. Pasi komenti juaj t\u00eb miratohet, fotografia juaj e profilit do t\u00eb jet\u00eb e dukshme p\u00ebr publikun n\u00eb kontekstin e komentit tuaj.<\/p>\n\n\n\n<p><strong>Media<\/strong><\/p>\n\n\n\n<p>N\u00ebse ngarkoni imazhe n\u00eb faqen ton\u00eb, duhet t\u00eb shmangni ngarkimin e imazheve me t\u00eb dh\u00ebna t\u00eb ngulitura t\u00eb vendndodhjes (EXIF GPS). Vizitor\u00ebt mund t\u00eb shkarkojn\u00eb imazhe nga faqja dhe t\u00eb nxjerrin informacionin e vendndodhjes.<\/p>\n\n\n\n<p><strong>Biskota<\/strong><\/p>\n\n\n\n<p>N\u00ebse lini nj\u00eb koment n\u00eb faqen ton\u00eb, ju mund t\u00eb zgjidhni t\u00eb ruani emrin, adres\u00ebn e emailit dhe faqen tuaj te internetit n\u00eb cookies. Kjo \u00ebsht\u00eb p\u00ebr leht\u00ebsin\u00eb tuaj, n\u00eb m\u00ebnyr\u00eb q\u00eb t\u00eb mos keni nevoj\u00eb t\u00eb plot\u00ebsoni t\u00eb dh\u00ebnat tuaja p\u00ebrs\u00ebri kur t\u00eb lini nj\u00eb koment tjet\u00ebr. K\u00ebto cookie do t\u00eb zgjasin nj\u00eb vit.<\/p>\n\n\n\n<p>Kur vizitoni faqen ton\u00eb t\u00eb identifikimit, ne krijojm\u00eb nj\u00eb cookie t\u00eb p\u00ebrkohshme p\u00ebr t\u00eb p\u00ebrcaktuar n\u00ebse shfletuesi juaj pranon cookie. Kjo cookie nuk p\u00ebrmban t\u00eb dh\u00ebna personale dhe fshihet kur mbyllni shfletuesin tuaj. Kur identifikoheni, krijohen cookie t\u00eb ndryshme q\u00eb ruajn\u00eb informacionin e sesionit tuaj dhe cil\u00ebsimet e shfaqjes s\u00eb ekranit. K\u00ebto skedar\u00eb identifikimi zgjasin dy dit\u00eb, nd\u00ebrsa skedar\u00ebt e opsioneve t\u00eb ekranit zgjasin nj\u00eb vit. N\u00ebse zgjidhni opsionin &quot;M\u00eb mbaj mend&quot;, identifikimi juaj do t\u00eb vazhdoj\u00eb p\u00ebr dy jav\u00eb. Kukit e hyrjes fshihen kur dilni nga llogaria juaj. N\u00ebse redaktoni ose publikoni nj\u00eb artikull, nj\u00eb cookie shtes\u00eb do t\u00eb ruhet n\u00eb shfletuesin tuaj; Kjo cookie nuk p\u00ebrmban t\u00eb dh\u00ebna personale dhe tregon vet\u00ebm ID-n\u00eb e postimit t\u00eb redaktuar. Skadon pas 1 dite.<\/p>\n\n\n\n<p><strong>P\u00ebrmbajtje e integruar nga faqet e internetit t\u00eb tjera<\/strong><\/p>\n\n\n\n<p>Artikujt n\u00eb k\u00ebt\u00eb sajt mund t\u00eb p\u00ebrfshijn\u00eb p\u00ebrmbajtje t\u00eb integruar (p.sh. video, imazhe, artikuj, etj.). Ky lloj i p\u00ebrmbajtjes s\u00eb integruar nga faqet e tjera t\u00eb internetit sillet n\u00eb t\u00eb nj\u00ebjt\u00ebn m\u00ebnyr\u00eb sikur vizitori t\u00eb ket\u00eb vizituar faqen tjet\u00ebr t\u00eb internetit. K\u00ebto faqe interneti mund t\u00eb mbledhin t\u00eb dh\u00ebna p\u00ebr ju, t\u00eb p\u00ebrdorin skedar\u00eb kuki, t\u00eb ngulitin gjurmimin e pal\u00ebve t\u00eb treta dhe t\u00eb monitorojn\u00eb nd\u00ebrveprimin tuaj me p\u00ebrmbajtjen e integruar. N\u00ebse jeni regjistruar n\u00eb faqet e internetit me p\u00ebrmbajtje t\u00eb integruar, ky nd\u00ebrveprim mund t\u00eb gjurmohet.<\/p>\n\n\n\n<p><strong>Me k\u00eb i ndajm\u00eb t\u00eb dh\u00ebnat tuaja<\/strong><\/p>\n\n\n\n<p>Kur k\u00ebrkoni nj\u00eb rivendosje t\u00eb fjal\u00ebkalimit, adresa juaj IP do t\u00eb p\u00ebrfshihet n\u00eb emailin e rivendosur.<\/p>\n\n\n\n<p><strong>Sa koh\u00eb i ruajm\u00eb t\u00eb dh\u00ebnat tuaja?<\/strong><\/p>\n\n\n\n<p>N\u00ebse lini nj\u00eb koment, komenti dhe meta t\u00eb dh\u00ebnat e tij mbahen p\u00ebr nj\u00eb koh\u00eb t\u00eb pacaktuar. Kjo \u00ebsht\u00eb k\u00ebshtu q\u00eb ne mund t\u00eb njohim automatikisht \u00e7do koment vijues p\u00ebrpara se t\u00eb vendosen n\u00eb radh\u00ebt e miratimit. Informacioni personal i dh\u00ebn\u00eb nga p\u00ebrdoruesit q\u00eb regjistrohen n\u00eb faqen ton\u00eb t\u00eb internetit ruhen gjithashtu n\u00eb profilet e p\u00ebrdoruesve. T\u00eb gjith\u00eb p\u00ebrdoruesit mund t\u00eb shohin, modifikojn\u00eb ose fshijn\u00eb informacionin e tyre personal (p\u00ebrve\u00e7 emrit t\u00eb p\u00ebrdoruesit) n\u00eb \u00e7do koh\u00eb. Administrator\u00ebt e faqes n\u00eb internet mund t\u00eb shikojn\u00eb dhe modifikojn\u00eb gjithashtu k\u00ebt\u00eb informacion.<\/p>\n\n\n\n<p><strong>T\u00eb drejtat tuaja mbi t\u00eb dh\u00ebnat tuaja<\/strong><\/p>\n\n\n\n<p>N\u00ebse keni nj\u00eb llogari n\u00eb k\u00ebt\u00eb sajt ose keni l\u00ebn\u00eb komente, mund t\u00eb k\u00ebrkoni qasje ose fshirje t\u00eb \u00e7do t\u00eb dh\u00ebn\u00eb personale q\u00eb keni ndar\u00eb me ne. Kjo k\u00ebrkes\u00eb nuk p\u00ebrfshin t\u00eb dh\u00ebna q\u00eb na k\u00ebrkohet t\u00eb mbajm\u00eb p\u00ebr q\u00ebllime administrative, ligjore ose sigurie.<\/p>\n\n\n\n<p><strong>Ku d\u00ebrgohen t\u00eb dh\u00ebnat tuaja<\/strong><\/p>\n\n\n\n<p>Komentet e vizitor\u00ebve mund t\u00eb kontrollohen p\u00ebrmes nj\u00eb sh\u00ebrbimi t\u00eb automatizuar t\u00eb zbulimit t\u00eb spamit.<\/p>\n\n\n\n<p><\/p>","protected":false},"excerpt":{"rendered":"<p>Adresa e faqes son\u00eb t\u00eb internetit \u00ebsht\u00eb: http:\/\/www.artminium.com. Komente Kur vizitor\u00ebt l\u00ebn\u00eb komente n\u00eb faqen ton\u00eb, informacioni n\u00eb formularin e komenteve, adresa IP e vizitorit dhe informacioni i shfletuesit mblidhen p\u00ebr zbulimin e spamit. Nj\u00eb varg anonim i krijuar nga adresa juaj e emailit (nj\u00eb hash) mund t&#039;i ofrohet sh\u00ebrbimit Gravatar. Mund ta shikoni politik\u00ebn e privat\u00ebsis\u00eb s\u00eb sh\u00ebrbimit Gravatar k\u00ebtu. Pasi t\u00eb miratohet komenti juaj, fotografia e profilit tuaj do t\u00eb jet\u00eb e dukshme p\u00ebr publikun n\u00eb kontekstin e komentit tuaj. Media N\u00ebse ngarkoni nj\u00eb imazh n\u00eb faqen ton\u00eb, [\u2026] i integruar<\/p>","protected":false},"author":1,"featured_media":0,"parent":0,"menu_order":0,"comment_status":"closed","ping_status":"open","template":"","meta":{"site-sidebar-layout":"default","site-content-layout":"","ast-site-content-layout":"default","site-content-style":"default","site-sidebar-style":"default","ast-global-header-display":"","ast-banner-title-visibility":"","ast-main-header-display":"","ast-hfb-above-header-display":"","ast-hfb-below-header-display":"","ast-hfb-mobile-header-display":"","site-post-title":"","ast-breadcrumbs-content":"","ast-featured-img":"","footer-sml-layout":"","theme-transparent-header-meta":"","adv-header-id-meta":"","stick-header-meta":"","header-above-stick-meta":"","header-main-stick-meta":"","header-below-stick-meta":"","astra-migrate-meta-layouts":"set","ast-page-background-enabled":"default","ast-page-background-meta":{"desktop":{"background-color":"","background-image":"","background-repeat":"repeat","background-position":"center center","background-size":"auto","background-attachment":"scroll","background-type":"","background-media":"","overlay-type":"","overlay-color":"","overlay-opacity":"","overlay-gradient":""},"tablet":{"background-color":"","background-image":"","background-repeat":"repeat","background-position":"center center","background-size":"auto","background-attachment":"scroll","background-type":"","background-media":"","overlay-type":"","overlay-color":"","overlay-opacity":"","overlay-gradient":""},"mobile":{"background-color":"","background-image":"","background-repeat":"repeat","background-position":"center center","background-size":"auto","background-attachment":"scroll","background-type":"","background-media":"","overlay-type":"","overlay-color":"","overlay-opacity":"","overlay-gradient":""}},"ast-content-background-meta":{"desktop":{"background-color":"var(--ast-global-color-5)","background-image":"","background-repeat":"repeat","background-position":"center center","background-size":"auto","background-attachment":"scroll","background-type":"","background-media":"","overlay-type":"","overlay-color":"","overlay-opacity":"","overlay-gradient":""},"tablet":{"background-color":"var(--ast-global-color-5)","background-image":"","background-repeat":"repeat","background-position":"center center","background-size":"auto","background-attachment":"scroll","background-type":"","background-media":"","overlay-type":"","overlay-color":"","overlay-opacity":"","overlay-gradient":""},"mobile":{"background-color":"var(--ast-global-color-5)","background-image":"","background-repeat":"repeat","background-position":"center center","background-size":"auto","background-attachment":"scroll","background-type":"","background-media":"","overlay-type":"","overlay-color":"","overlay-opacity":"","overlay-gradient":""}},"footnotes":""},"class_list":["post-3","page","type-page","status-publish","hentry"],"_links":{"self":[{"href":"https:\/\/www.artminium.com\/sq\/wp-json\/wp\/v2\/pages\/3","targetHints":{"allow":["GET"]}}],"collection":[{"href":"https:\/\/www.artminium.com\/sq\/wp-json\/wp\/v2\/pages"}],"about":[{"href":"https:\/\/www.artminium.com\/sq\/wp-json\/wp\/v2\/types\/page"}],"author":[{"embeddable":true,"href":"https:\/\/www.artminium.com\/sq\/wp-json\/wp\/v2\/users\/1"}],"replies":[{"embeddable":true,"href":"https:\/\/www.artminium.com\/sq\/wp-json\/wp\/v2\/comments?post=3"}],"version-history":[{"count":0,"href":"https:\/\/www.artminium.com\/sq\/wp-json\/wp\/v2\/pages\/3\/revisions"}],"wp:attachment":[{"href":"https:\/\/www.artminium.com\/sq\/wp-json\/wp\/v2\/media?parent=3"}],"curies":[{"name":"wp","href":"https:\/\/api.w.org\/{rel}","templated":true}]}}