{"id":3,"date":"2023-08-09T16:06:06","date_gmt":"2023-08-09T16:06:06","guid":{"rendered":"http:\/\/www.artminium.com\/?page_id=3"},"modified":"2024-10-30T02:51:02","modified_gmt":"2024-10-29T23:51:02","slug":"politica-de-confidentialitate-2","status":"publish","type":"page","link":"https:\/\/www.artminium.com\/ro\/politica-de-confidentialitate-2\/","title":{"rendered":"Despre confiden\u021bialitate:"},"content":{"rendered":"<p>Adresa site-ului nostru: <a href=\"http:\/\/www.artminium.com\/ro\/\">http:\/\/www.artminium.com<\/a>.<\/p>\n\n\n\n<p><strong>Comentarii<\/strong><\/p>\n\n\n\n<p>Atunci c\u00e2nd vizitatorii las\u0103 comentarii pe site-ul nostru, informa\u021biile din formularul de comentarii, adresa IP a vizitatorului \u0219i informa\u021biile despre browser sunt colectate \u00een scopul detect\u0103rii spam-ului. Un \u0219ir anonim creat de la adresa ta de e-mail (un hash) poate fi furnizat serviciului Gravatar. Pentru politica de confiden\u021bialitate a serviciului Gravatar <a href=\"https:\/\/automattic.com\/privacy\/\" target=\"_blank\" rel=\"noopener\">Pute\u021bi da clic aici<\/a>. Odat\u0103 ce comentariul t\u0103u este aprobat, fotografia ta de profil va fi vizibil\u0103 publicului \u00een contextul comentariului t\u0103u.<\/p>\n\n\n\n<p><strong>Media<\/strong><\/p>\n\n\n\n<p>Dac\u0103 \u00eenc\u0103rca\u021bi imagini pe site-ul nostru, ar trebui s\u0103 evita\u021bi \u00eenc\u0103rcarea imaginilor cu date de loca\u021bie \u00eencorporate (EXIF GPS). Vizitatorii pot desc\u0103rca imagini de pe site \u0219i pot extrage informa\u021bii despre loca\u021bie.<\/p>\n\n\n\n<p><strong>Cookie-uri<\/strong><\/p>\n\n\n\n<p>Dac\u0103 l\u0103sa\u021bi un comentariu pe site-ul nostru, pute\u021bi opta pentru salvarea numelui, a adresei de e-mail \u0219i a site-ului web \u00een cookie-uri. Acest lucru este pentru confortul dvs., astfel \u00eenc\u00e2t s\u0103 nu fie nevoie s\u0103 v\u0103 completa\u021bi din nou datele c\u00e2nd l\u0103sa\u021bi un alt comentariu. Aceste cookie-uri vor dura un an.<\/p>\n\n\n\n<p>C\u00e2nd vizita\u021bi pagina noastr\u0103 de conectare, cre\u0103m un cookie temporar pentru a determina dac\u0103 browserul dumneavoastr\u0103 accept\u0103 cookie-uri. Acest cookie nu con\u021bine date personale \u0219i este \u0219ters atunci c\u00e2nd \u00eenchide\u021bi browserul. C\u00e2nd v\u0103 conecta\u021bi, sunt create diferite module cookie care v\u0103 salveaz\u0103 informa\u021biile despre sesiune \u0219i set\u0103rile de afi\u0219are a ecranului. Aceste cookie-uri de conectare dureaz\u0103 dou\u0103 zile, \u00een timp ce cookie-urile cu op\u021biuni de ecran dureaz\u0103 un an. Dac\u0103 selecta\u021bi op\u021biunea \u201e\u021aine-m\u0103 minte\u201d, autentificarea va continua timp de dou\u0103 s\u0103pt\u0103m\u00e2ni. Cookie-urile de conectare sunt \u0219terse atunci c\u00e2nd v\u0103 deconecta\u021bi de la contul dvs. Dac\u0103 edita\u021bi sau publica\u021bi un articol, un cookie suplimentar va fi stocat \u00een browser; Acest cookie nu con\u021bine date personale \u0219i indic\u0103 doar ID-ul post\u0103rii editate. Expir\u0103 dup\u0103 1 zi.<\/p>\n\n\n\n<p><strong>Con\u021binut \u00eencorporat de pe alte site-uri web<\/strong><\/p>\n\n\n\n<p>Articolele de pe acest site pot include con\u021binut \u00eencorporat (de exemplu, videoclipuri, imagini, articole etc.). Acest tip de con\u021binut \u00eencorporat de pe alte site-uri web se comport\u0103 exact \u00een acela\u0219i mod ca \u0219i cum vizitatorul ar fi vizitat cel\u0103lalt site web. Aceste site-uri web pot colecta date despre dvs., pot folosi cookie-uri, pot \u00eencorpora urm\u0103rirea ter\u021bilor \u0219i v\u0103 pot monitoriza interac\u021biunea cu con\u021binutul \u00eencorporat. Dac\u0103 sunte\u021bi conectat la site-uri web cu con\u021binut \u00eencorporat, aceast\u0103 interac\u021biune poate fi urm\u0103rit\u0103.<\/p>\n\n\n\n<p><strong>Cu cine \u00eemp\u0103rt\u0103\u0219im datele dvs<\/strong><\/p>\n\n\n\n<p>C\u00e2nd solicita\u021bi o resetare a parolei, adresa dvs. IP va fi inclus\u0103 \u00een e-mailul de resetare.<\/p>\n\n\n\n<p><strong>C\u00e2t timp p\u0103str\u0103m datele dvs.?<\/strong><\/p>\n\n\n\n<p>Dac\u0103 l\u0103sa\u021bi un comentariu, comentariul \u0219i metadatele sale sunt p\u0103strate pe termen nelimitat. Acest lucru este astfel \u00eenc\u00e2t s\u0103 putem recunoa\u0219te automat orice comentarii ulterioare \u00eenainte de a fi puse \u00een cozile de aprobare. Informa\u021biile personale furnizate de utilizatorii care se \u00eenregistreaz\u0103 pe site-ul nostru sunt stocate \u0219i \u00een profilurile utilizatorilor. To\u021bi utilizatorii \u00ee\u0219i pot vedea, edita sau \u0219terge informa\u021biile personale (cu excep\u021bia numelui de utilizator) \u00een orice moment. De asemenea, administratorii site-urilor web pot vizualiza \u0219i edita aceste informa\u021bii.<\/p>\n\n\n\n<p><strong>Drepturile dumneavoastr\u0103 asupra datelor dumneavoastr\u0103<\/strong><\/p>\n\n\n\n<p>Dac\u0103 ave\u021bi un cont pe acest site sau a\u021bi l\u0103sat comentarii, pute\u021bi solicita accesul sau \u0219tergerea oric\u0103ror date personale pe care ni le-a\u021bi partajat. Aceast\u0103 solicitare nu include date pe care trebuie s\u0103 le p\u0103str\u0103m \u00een scopuri administrative, legale sau de securitate.<\/p>\n\n\n\n<p><strong>Unde sunt trimise datele dvs<\/strong><\/p>\n\n\n\n<p>Comentariile vizitatorilor pot fi verificate printr-un serviciu automat de detectare a spam-ului.<\/p>\n\n\n\n<p><\/p>","protected":false},"excerpt":{"rendered":"<p>Adresa site-ului nostru web este: http:\/\/www.artminium.com. Comentarii C\u00e2nd vizitatorii las\u0103 comentarii pe site-ul nostru, informa\u021biile din formularul de comentarii, adresa IP a vizitatorului \u0219i informa\u021biile browserului sunt colectate pentru detectarea spamului. Un \u0219ir anonimizat creat din adresa dvs. de e-mail (un hash) poate fi furnizat serviciului Gravatar. Pute\u021bi vizualiza politica de confiden\u021bialitate a serviciului Gravatar aici. Dup\u0103 ce comentariul dvs. este aprobat, fotografia dvs. de profil va fi vizibil\u0103 publicului \u00een contextul comentariului dvs. Media Dac\u0103 \u00eenc\u0103rca\u021bi o imagine pe site-ul nostru, imaginea \u00eencorporat\u0103 [\u2026]<\/p>","protected":false},"author":1,"featured_media":0,"parent":0,"menu_order":0,"comment_status":"closed","ping_status":"open","template":"","meta":{"site-sidebar-layout":"default","site-content-layout":"","ast-site-content-layout":"default","site-content-style":"default","site-sidebar-style":"default","ast-global-header-display":"","ast-banner-title-visibility":"","ast-main-header-display":"","ast-hfb-above-header-display":"","ast-hfb-below-header-display":"","ast-hfb-mobile-header-display":"","site-post-title":"","ast-breadcrumbs-content":"","ast-featured-img":"","footer-sml-layout":"","theme-transparent-header-meta":"","adv-header-id-meta":"","stick-header-meta":"","header-above-stick-meta":"","header-main-stick-meta":"","header-below-stick-meta":"","astra-migrate-meta-layouts":"set","ast-page-background-enabled":"default","ast-page-background-meta":{"desktop":{"background-color":"","background-image":"","background-repeat":"repeat","background-position":"center center","background-size":"auto","background-attachment":"scroll","background-type":"","background-media":"","overlay-type":"","overlay-color":"","overlay-opacity":"","overlay-gradient":""},"tablet":{"background-color":"","background-image":"","background-repeat":"repeat","background-position":"center center","background-size":"auto","background-attachment":"scroll","background-type":"","background-media":"","overlay-type":"","overlay-color":"","overlay-opacity":"","overlay-gradient":""},"mobile":{"background-color":"","background-image":"","background-repeat":"repeat","background-position":"center center","background-size":"auto","background-attachment":"scroll","background-type":"","background-media":"","overlay-type":"","overlay-color":"","overlay-opacity":"","overlay-gradient":""}},"ast-content-background-meta":{"desktop":{"background-color":"var(--ast-global-color-5)","background-image":"","background-repeat":"repeat","background-position":"center center","background-size":"auto","background-attachment":"scroll","background-type":"","background-media":"","overlay-type":"","overlay-color":"","overlay-opacity":"","overlay-gradient":""},"tablet":{"background-color":"var(--ast-global-color-5)","background-image":"","background-repeat":"repeat","background-position":"center center","background-size":"auto","background-attachment":"scroll","background-type":"","background-media":"","overlay-type":"","overlay-color":"","overlay-opacity":"","overlay-gradient":""},"mobile":{"background-color":"var(--ast-global-color-5)","background-image":"","background-repeat":"repeat","background-position":"center center","background-size":"auto","background-attachment":"scroll","background-type":"","background-media":"","overlay-type":"","overlay-color":"","overlay-opacity":"","overlay-gradient":""}},"footnotes":""},"class_list":["post-3","page","type-page","status-publish","hentry"],"_links":{"self":[{"href":"https:\/\/www.artminium.com\/ro\/wp-json\/wp\/v2\/pages\/3","targetHints":{"allow":["GET"]}}],"collection":[{"href":"https:\/\/www.artminium.com\/ro\/wp-json\/wp\/v2\/pages"}],"about":[{"href":"https:\/\/www.artminium.com\/ro\/wp-json\/wp\/v2\/types\/page"}],"author":[{"embeddable":true,"href":"https:\/\/www.artminium.com\/ro\/wp-json\/wp\/v2\/users\/1"}],"replies":[{"embeddable":true,"href":"https:\/\/www.artminium.com\/ro\/wp-json\/wp\/v2\/comments?post=3"}],"version-history":[{"count":0,"href":"https:\/\/www.artminium.com\/ro\/wp-json\/wp\/v2\/pages\/3\/revisions"}],"wp:attachment":[{"href":"https:\/\/www.artminium.com\/ro\/wp-json\/wp\/v2\/media?parent=3"}],"curies":[{"name":"wp","href":"https:\/\/api.w.org\/{rel}","templated":true}]}}