{"id":3,"date":"2023-08-09T16:06:06","date_gmt":"2023-08-09T16:06:06","guid":{"rendered":"http:\/\/www.artminium.com\/?page_id=3"},"modified":"2024-10-30T02:51:02","modified_gmt":"2024-10-29T23:51:02","slug":"datenschutzrichtlinie-2","status":"publish","type":"page","link":"https:\/\/www.artminium.com\/de\/datenschutzrichtlinie-2\/","title":{"rendered":"Informationen zum Datenschutz:"},"content":{"rendered":"<p>Unsere Website-Adresse: <a href=\"http:\/\/www.artminium.com\/de\/\">http:\/\/www.artminium.com<\/a>.<\/p>\n\n\n\n<p><strong>Kommentare<\/strong><\/p>\n\n\n\n<p>Wenn Besucher Kommentare auf unserer Site hinterlassen, werden die Informationen im Kommentarformular, die IP-Adresse des Besuchers und die Browserinformationen zum Zweck der Spam-Erkennung gesammelt. Aus Ihrer E-Mail-Adresse kann eine anonymisierte Zeichenfolge (ein Hash) dem Gravatar-Dienst zur Verf\u00fcgung gestellt werden. Zur Datenschutzrichtlinie des Gravatar-Dienstes <a href=\"https:\/\/automattic.com\/privacy\/\" target=\"_blank\" rel=\"noopener\">Sie k\u00f6nnen hier klicken<\/a>. Sobald Ihr Kommentar freigegeben wurde, ist Ihr Profilbild im Kontext Ihres Kommentars \u00f6ffentlich sichtbar.<\/p>\n\n\n\n<p><strong>Medien<\/strong><\/p>\n\n\n\n<p>Wenn Sie Bilder auf unsere Site hochladen, sollten Sie das Hochladen von Bildern mit eingebetteten Standortdaten (EXIF GPS) vermeiden. Besucher k\u00f6nnen Bilder von der Site herunterladen und Standortinformationen extrahieren.<\/p>\n\n\n\n<p><strong>Dieses Portal verwendet Cookies zur Optimierung der Browserfunktion. Informieren Sie sich, wie wir Cookies verwenden und wie Sie Ihre Einstellungen \u00e4ndern k\u00f6nnen.<\/strong><\/p>\n\n\n\n<p>Wenn Sie auf unserer Site einen Kommentar hinterlassen, k\u00f6nnen Sie der Speicherung Ihres Namens, Ihrer E-Mail-Adresse und Ihrer Website in Cookies zustimmen. Dies dient Ihrer Bequemlichkeit, damit Sie Ihre Daten nicht erneut eingeben m\u00fcssen, wenn Sie einen weiteren Kommentar hinterlassen. Diese Cookies haben eine Laufzeit von einem Jahr.<\/p>\n\n\n\n<p>Wenn Sie unsere Anmeldeseite besuchen, erstellen wir ein tempor\u00e4res Cookie, um festzustellen, ob Ihr Browser Cookies akzeptiert. Dieses Cookie enth\u00e4lt keine personenbezogenen Daten und wird gel\u00f6scht, wenn Sie Ihren Browser schlie\u00dfen. Wenn Sie sich anmelden, werden verschiedene Cookies erstellt, die Ihre Sitzungsinformationen und Bildschirmanzeigeeinstellungen speichern. Diese Anmelde-Cookies sind zwei Tage lang g\u00fcltig, w\u00e4hrend Cookies f\u00fcr Bildschirmoptionen ein Jahr lang g\u00fcltig sind. Wenn Sie die Option \u201eAngemeldet bleiben\u201c ausw\u00e4hlen, bleibt Ihre Anmeldung zwei Wochen lang bestehen. Anmelde-Cookies werden gel\u00f6scht, wenn Sie sich von Ihrem Konto abmelden. Wenn Sie einen Artikel bearbeiten oder ver\u00f6ffentlichen, wird ein zus\u00e4tzlicher Cookie in Ihrem Browser gespeichert; Dieses Cookie enth\u00e4lt keine personenbezogenen Daten und gibt lediglich die ID des bearbeiteten Beitrags an. L\u00e4uft nach 1 Tag ab.<\/p>\n\n\n\n<p><strong>Eingebettete Inhalte von anderen Websites<\/strong><\/p>\n\n\n\n<p>Artikel auf dieser Site k\u00f6nnen eingebettete Inhalte enthalten (z. B. Videos, Bilder, Artikel usw.). Diese Art von eingebettetem Inhalt von anderen Websites verh\u00e4lt sich exakt so, als ob der Besucher die andere Website besucht h\u00e4tte. Diese Websites k\u00f6nnen Daten \u00fcber Sie sammeln, Cookies verwenden, Tracking von Drittanbietern einbetten und Ihre Interaktion mit eingebetteten Inhalten aufzeichnen. Wenn Sie bei Websites mit eingebetteten Inhalten angemeldet sind, kann diese Interaktion nachverfolgt werden.<\/p>\n\n\n\n<p><strong>Mit wem wir Ihre Daten teilen<\/strong><\/p>\n\n\n\n<p>Wenn Sie eine Zur\u00fccksetzung des Passworts anfordern, wird Ihre IP-Adresse in der E-Mail zur Zur\u00fccksetzung enthalten sein.<\/p>\n\n\n\n<p><strong>Wie lange bewahren wir Ihre Daten auf?<\/strong><\/p>\n\n\n\n<p>Wenn Sie einen Kommentar hinterlassen, bleiben der Kommentar und seine Metadaten zeitlich unbegrenzt gespeichert. Auf diese Weise k\u00f6nnen wir Folgekommentare automatisch erkennen, bevor sie in die Genehmigungswarteschlangen eingef\u00fcgt werden. Dar\u00fcber hinaus werden personenbezogene Daten von Benutzern, die sich auf unserer Website registrieren, in Benutzerprofilen gespeichert. Alle Benutzer k\u00f6nnen ihre pers\u00f6nlichen Daten (au\u00dfer Benutzernamen) jederzeit einsehen, bearbeiten oder l\u00f6schen. Website-Administratoren k\u00f6nnen diese Informationen ebenfalls anzeigen und bearbeiten.<\/p>\n\n\n\n<p><strong>Ihre Rechte an Ihren Daten<\/strong><\/p>\n\n\n\n<p>Wenn Sie \u00fcber ein Konto auf dieser Site verf\u00fcgen oder Kommentare hinterlassen haben, k\u00f6nnen Sie Zugriff auf alle personenbezogenen Daten, die Sie uns mitgeteilt haben, oder deren L\u00f6schung beantragen. Diese Anfrage umfasst keine Daten, die wir aus administrativen, rechtlichen oder sicherheitsrelevanten Gr\u00fcnden aufbewahren m\u00fcssen.<\/p>\n\n\n\n<p><strong>Wohin Ihre Daten gesendet werden<\/strong><\/p>\n\n\n\n<p>Besucherkommentare k\u00f6nnten von einem automatisierten Dienst zur Spam-Erkennung untersucht werden.<\/p>\n\n\n\n<p><\/p>","protected":false},"excerpt":{"rendered":"<p>Unsere Website-Adresse lautet: http:\/\/www.artminium.com. Kommentare Wenn Besucher Kommentare auf unserer Website hinterlassen, werden die Informationen im Kommentarformular, die IP-Adresse des Besuchers und Browserinformationen zur Spam-Erkennung gesammelt. Aus Ihrer E-Mail-Adresse kann eine anonymisierte Zeichenfolge (ein Hash) erstellt und dem Gravatar-Dienst zur Verf\u00fcgung gestellt werden. Die Datenschutzbestimmungen des Gravatar-Dienstes k\u00f6nnen Sie hier einsehen. Sobald Ihr Kommentar freigegeben wurde, ist Ihr Profilbild im Kontext Ihres Kommentars \u00f6ffentlich sichtbar. Medien Wenn Sie ein Bild auf unsere Website hochladen, wird das eingebettete [\u2026]<\/p>","protected":false},"author":1,"featured_media":0,"parent":0,"menu_order":0,"comment_status":"closed","ping_status":"open","template":"","meta":{"site-sidebar-layout":"default","site-content-layout":"","ast-site-content-layout":"default","site-content-style":"default","site-sidebar-style":"default","ast-global-header-display":"","ast-banner-title-visibility":"","ast-main-header-display":"","ast-hfb-above-header-display":"","ast-hfb-below-header-display":"","ast-hfb-mobile-header-display":"","site-post-title":"","ast-breadcrumbs-content":"","ast-featured-img":"","footer-sml-layout":"","theme-transparent-header-meta":"","adv-header-id-meta":"","stick-header-meta":"","header-above-stick-meta":"","header-main-stick-meta":"","header-below-stick-meta":"","astra-migrate-meta-layouts":"set","ast-page-background-enabled":"default","ast-page-background-meta":{"desktop":{"background-color":"","background-image":"","background-repeat":"repeat","background-position":"center center","background-size":"auto","background-attachment":"scroll","background-type":"","background-media":"","overlay-type":"","overlay-color":"","overlay-opacity":"","overlay-gradient":""},"tablet":{"background-color":"","background-image":"","background-repeat":"repeat","background-position":"center center","background-size":"auto","background-attachment":"scroll","background-type":"","background-media":"","overlay-type":"","overlay-color":"","overlay-opacity":"","overlay-gradient":""},"mobile":{"background-color":"","background-image":"","background-repeat":"repeat","background-position":"center center","background-size":"auto","background-attachment":"scroll","background-type":"","background-media":"","overlay-type":"","overlay-color":"","overlay-opacity":"","overlay-gradient":""}},"ast-content-background-meta":{"desktop":{"background-color":"var(--ast-global-color-5)","background-image":"","background-repeat":"repeat","background-position":"center center","background-size":"auto","background-attachment":"scroll","background-type":"","background-media":"","overlay-type":"","overlay-color":"","overlay-opacity":"","overlay-gradient":""},"tablet":{"background-color":"var(--ast-global-color-5)","background-image":"","background-repeat":"repeat","background-position":"center center","background-size":"auto","background-attachment":"scroll","background-type":"","background-media":"","overlay-type":"","overlay-color":"","overlay-opacity":"","overlay-gradient":""},"mobile":{"background-color":"var(--ast-global-color-5)","background-image":"","background-repeat":"repeat","background-position":"center center","background-size":"auto","background-attachment":"scroll","background-type":"","background-media":"","overlay-type":"","overlay-color":"","overlay-opacity":"","overlay-gradient":""}},"footnotes":""},"class_list":["post-3","page","type-page","status-publish","hentry"],"_links":{"self":[{"href":"https:\/\/www.artminium.com\/de\/wp-json\/wp\/v2\/pages\/3","targetHints":{"allow":["GET"]}}],"collection":[{"href":"https:\/\/www.artminium.com\/de\/wp-json\/wp\/v2\/pages"}],"about":[{"href":"https:\/\/www.artminium.com\/de\/wp-json\/wp\/v2\/types\/page"}],"author":[{"embeddable":true,"href":"https:\/\/www.artminium.com\/de\/wp-json\/wp\/v2\/users\/1"}],"replies":[{"embeddable":true,"href":"https:\/\/www.artminium.com\/de\/wp-json\/wp\/v2\/comments?post=3"}],"version-history":[{"count":0,"href":"https:\/\/www.artminium.com\/de\/wp-json\/wp\/v2\/pages\/3\/revisions"}],"wp:attachment":[{"href":"https:\/\/www.artminium.com\/de\/wp-json\/wp\/v2\/media?parent=3"}],"curies":[{"name":"wp","href":"https:\/\/api.w.org\/{rel}","templated":true}]}}